{"id":379,"date":"2021-07-28T23:30:19","date_gmt":"2021-07-28T21:30:19","guid":{"rendered":"https:\/\/badassbrideandcie.com\/?page_id=379"},"modified":"2021-09-13T18:02:49","modified_gmt":"2021-09-13T16:02:49","slug":"politique-de-confidentialite","status":"publish","type":"page","link":"https:\/\/www.badassbride.ch\/en\/politique-de-confidentialite\/","title":{"rendered":"Privacy policy"},"content":{"rendered":"<h2 class=\"wp-block-heading\">Qui sommes-nous&nbsp;?<\/h2>\n\n\n\n<p>BADASS BRIDE est une soci\u00e9t\u00e9 en nom propre qui accompagne les futures mari\u00e9es dans le choix de leur tenues et accessoires de mariage.<br>Nous proposons diff\u00e9rents mod\u00e8les s\u00e9lectionn\u00e9s avec soin et disponible \u00e0 l&rsquo;essayage sur rendez-vous au sein de notre showroom.<\/p>\n\n\n\n<p>La soci\u00e9t\u00e9 est enregistr\u00e9e au registre du commerce du canton de Vaud sous l&rsquo;identification :<br><br>BADASS BRIDE, Diana Fernandes<br>Avenue d&rsquo;Echallens 38<br>1004 Lausanne<br>Email: hello@badassbrideandcie.com<br>Responsable : Diana Fernandes<br>T\u00e9l\u00e9phone : 0795069921<\/p>\n\n\n\n<h2 class=\"wp-block-heading\">Cookies<\/h2>\n\n\n\n<p>Notre site utilise des cookies qui sont de petits fichiers texte qui peuvent \u00eatre d\u00e9pos\u00e9s par le site Internet de mani\u00e8re locale dans la m\u00e9moire du navigateur Internet sur l\u2019appareil utilis\u00e9 (ordinateur, t\u00e9l\u00e9phone portable, tablette). Les cookies utilis\u00e9s sur notre site Internet collectent les donn\u00e9es suivantes:<\/p>\n\n\n\n<p>\u2022 &nbsp; &nbsp; adresse IP,<\/p>\n\n\n\n<p>\u2022 &nbsp; &nbsp; comportement de navigation (site d\u2019origine, dur\u00e9e de consultation, nombre de clics),<\/p>\n\n\n\n<p>\u2022 &nbsp; &nbsp; informations concernant le mat\u00e9riel (appareil utilis\u00e9, syst\u00e8me d\u2019exploitation utilis\u00e9 et logiciel de navigation).<\/p>\n\n\n\n<p>\u2022 &nbsp; &nbsp; fichiers auxquels il a \u00e9t\u00e9 acc\u00e9d\u00e9, pages consult\u00e9es et\/ou liens activ\u00e9s, volume de donn\u00e9es t\u00e9l\u00e9charg\u00e9es.<\/p>\n\n\n\n<p>Nous utilisons ces informations pour analyser l\u2019utilisation de notre site Internet, pour \u00e9tablir des \u00abrapports\u00bb d\u2019activit\u00e9s sur le site \u00e0 l\u2019attention des gestionnaires du site et pour fournir des prestations suppl\u00e9mentaires en lien avec l\u2019utilisation du site et l\u2019utilisation d\u2019Internet. Cela permet la reconnaissance du logiciel de navigation et la m\u00e9morisation des pr\u00e9f\u00e9rences de l\u2019utilisateur (p.ex. mots de passe, r\u00e9glages concernant la langue).<\/p>\n\n\n\n<p>L\u2019enregistrement des cookies peut g\u00e9n\u00e9ralement \u00eatre emp\u00each\u00e9 par des r\u00e9glages dans le navigateur Internet. Dans un tel cas, il est possible que l\u2019utilisateur n\u2019ait pas acc\u00e8s \u00e0 la totalit\u00e9 des fonctions du site Internet de BADASS BRIDE. Les cookies enregistr\u00e9s peuvent \u00eatre ult\u00e9rieurement supprim\u00e9s par le biais de r\u00e9glages au niveau du navigateur Internet.<\/p>\n\n\n\n<h2 class=\"wp-block-heading\">Dur\u00e9es de stockage de vos donn\u00e9es<\/h2>\n\n\n\n<p>BADASS BRIDE utilise les donn\u00e9es enregistr\u00e9es afin de fournir ses services, \u00e9tablir des statistiques sur l\u2019int\u00e9r\u00eat suscit\u00e9 par les diff\u00e9rents cr\u00e9ateurs et mod\u00e8les pr\u00e9sent\u00e9s, de rendre son site plus adapt\u00e9 aux besoins des internautes et afin de d\u00e9velopper ses services, am\u00e9liorer et d\u00e9velopper les relations clients (newsletter par exemple), afficher de la publicit\u00e9 cibl\u00e9e, assurer la s\u00e9curit\u00e9 des syst\u00e8mes de BADASS BRIDE et de ceux de ses propres fournisseurs et emp\u00eacher tout abus.&nbsp;<\/p>\n\n\n\n<p>BADASS BRIDE se permet d\u2019envoyer des informations sur ses services et offres actuels aux adresses e-mail recueillies dans le cadre des prestations fournies. Les internautes ont la possibilit\u00e9 de stopper ce service \u00e0 tout moment en modifiant les param\u00e8tres de leur compte ou en cliquant sur le lien de d\u00e9sabonnement figurant dans la newsletter.<\/p>\n\n\n\n<p>Les num\u00e9ros de t\u00e9l\u00e9phone fournis lors de la compl\u00e9tion d\u2019un formulaire est utilis\u00e9 afin de pouvoir vous appeler dans le cadre de votre demande.<\/p>\n\n\n\n<h2 class=\"wp-block-heading\">Les droits que vous avez sur vos donn\u00e9es<\/h2>\n\n\n\n<p>Les donn\u00e9es sont stock\u00e9es de mani\u00e8re s\u00fbre et ind\u00e9finie, chacun \u00e0 le droit de demander la suppression ou la modification de ses donn\u00e9es \u00e0 tout moment (voir paragraphe protection de la vie priv\u00e9e). Cela ne prend pas en compte les donn\u00e9es stock\u00e9es \u00e0 des fins administratives, l\u00e9gales ou pour des raisons de s\u00e9curit\u00e9.<\/p>","protected":false},"excerpt":{"rendered":"<p>Qui sommes-nous&nbsp;? BADASS BRIDE est une soci\u00e9t\u00e9 en nom propre qui accompagne les futures mari\u00e9es dans le choix de leur tenues et accessoires de mariage.Nous proposons diff\u00e9rents mod\u00e8les s\u00e9lectionn\u00e9s avec soin et disponible \u00e0 l&rsquo;essayage sur rendez-vous au sein de notre showroom. La soci\u00e9t\u00e9 est enregistr\u00e9e au registre du commerce du canton de Vaud sous&#8230;<\/p>","protected":false},"author":1,"featured_media":0,"parent":0,"menu_order":0,"comment_status":"closed","ping_status":"closed","template":"","meta":{"_kad_post_transparent":"default","_kad_post_title":"show","_kad_post_layout":"narrow","_kad_post_sidebar_id":"","_kad_post_content_style":"boxed","_kad_post_vertical_padding":"top","_kad_post_feature":"","_kad_post_feature_position":"","_kad_post_header":false,"_kad_post_footer":false,"_kad_post_classname":"","footnotes":""},"class_list":["post-379","page","type-page","status-publish","hentry"],"yoast_head":"<!-- This site is optimized with the Yoast SEO plugin v27.6 - https:\/\/yoast.com\/product\/yoast-seo-wordpress\/ -->\n<title>Politique de confidentialit\u00e9 - BADASS BRIDE<\/title>\n<meta name=\"description\" content=\"BADASS BRIDE est une soci\u00e9t\u00e9 en nom propre qui accompagne les futures mari\u00e9es dans le choix de leur tenues et accessoires de mariage.\" \/>\n<meta name=\"robots\" content=\"index, follow, max-snippet:-1, max-image-preview:large, max-video-preview:-1\" \/>\n<link rel=\"canonical\" href=\"https:\/\/www.badassbride.ch\/en\/politique-de-confidentialite\/\" \/>\n<meta property=\"og:locale\" content=\"en_US\" \/>\n<meta property=\"og:type\" content=\"article\" \/>\n<meta property=\"og:title\" content=\"Politique de confidentialit\u00e9 - BADASS BRIDE\" \/>\n<meta property=\"og:description\" content=\"BADASS BRIDE est une soci\u00e9t\u00e9 en nom propre qui accompagne les futures mari\u00e9es dans le choix de leur tenues et accessoires de mariage.\" \/>\n<meta property=\"og:url\" content=\"https:\/\/www.badassbride.ch\/en\/politique-de-confidentialite\/\" \/>\n<meta property=\"og:site_name\" content=\"BADASS BRIDE\" \/>\n<meta property=\"article:modified_time\" content=\"2021-09-13T16:02:49+00:00\" \/>\n<meta name=\"twitter:card\" content=\"summary_large_image\" \/>\n<meta name=\"twitter:label1\" content=\"Est. reading time\" \/>\n\t<meta name=\"twitter:data1\" content=\"3 minutes\" \/>\n<script type=\"application\/ld+json\" class=\"yoast-schema-graph\">{\"@context\":\"https:\\\/\\\/schema.org\",\"@graph\":[{\"@type\":\"WebPage\",\"@id\":\"https:\\\/\\\/www.badassbride.ch\\\/politique-de-confidentialite\\\/\",\"url\":\"https:\\\/\\\/www.badassbride.ch\\\/politique-de-confidentialite\\\/\",\"name\":\"Politique de confidentialit\u00e9 - BADASS BRIDE\",\"isPartOf\":{\"@id\":\"https:\\\/\\\/www.badassbride.ch\\\/#website\"},\"datePublished\":\"2021-07-28T21:30:19+00:00\",\"dateModified\":\"2021-09-13T16:02:49+00:00\",\"description\":\"BADASS BRIDE est une soci\u00e9t\u00e9 en nom propre qui accompagne les futures mari\u00e9es dans le choix de leur tenues et accessoires de mariage.\",\"breadcrumb\":{\"@id\":\"https:\\\/\\\/www.badassbride.ch\\\/politique-de-confidentialite\\\/#breadcrumb\"},\"inLanguage\":\"en-US\",\"potentialAction\":[{\"@type\":\"ReadAction\",\"target\":[\"https:\\\/\\\/www.badassbride.ch\\\/politique-de-confidentialite\\\/\"]}]},{\"@type\":\"BreadcrumbList\",\"@id\":\"https:\\\/\\\/www.badassbride.ch\\\/politique-de-confidentialite\\\/#breadcrumb\",\"itemListElement\":[{\"@type\":\"ListItem\",\"position\":1,\"name\":\"Accueil\",\"item\":\"https:\\\/\\\/www.badassbride.ch\\\/\"},{\"@type\":\"ListItem\",\"position\":2,\"name\":\"Politique de confidentialit\u00e9\"}]},{\"@type\":\"WebSite\",\"@id\":\"https:\\\/\\\/www.badassbride.ch\\\/#website\",\"url\":\"https:\\\/\\\/www.badassbride.ch\\\/\",\"name\":\"BADASS BRIDE\",\"description\":\"\",\"publisher\":{\"@id\":\"https:\\\/\\\/www.badassbride.ch\\\/#organization\"},\"potentialAction\":[{\"@type\":\"SearchAction\",\"target\":{\"@type\":\"EntryPoint\",\"urlTemplate\":\"https:\\\/\\\/www.badassbride.ch\\\/?s={search_term_string}\"},\"query-input\":{\"@type\":\"PropertyValueSpecification\",\"valueRequired\":true,\"valueName\":\"search_term_string\"}}],\"inLanguage\":\"en-US\"},{\"@type\":\"Organization\",\"@id\":\"https:\\\/\\\/www.badassbride.ch\\\/#organization\",\"name\":\"BADASS BRIDE\",\"url\":\"https:\\\/\\\/www.badassbride.ch\\\/\",\"logo\":{\"@type\":\"ImageObject\",\"inLanguage\":\"en-US\",\"@id\":\"https:\\\/\\\/www.badassbride.ch\\\/#\\\/schema\\\/logo\\\/image\\\/\",\"url\":\"https:\\\/\\\/www.badassbride.ch\\\/wp-content\\\/uploads\\\/2021\\\/12\\\/cropped-Logo_BB.png\",\"contentUrl\":\"https:\\\/\\\/www.badassbride.ch\\\/wp-content\\\/uploads\\\/2021\\\/12\\\/cropped-Logo_BB.png\",\"width\":503,\"height\":170,\"caption\":\"BADASS BRIDE\"},\"image\":{\"@id\":\"https:\\\/\\\/www.badassbride.ch\\\/#\\\/schema\\\/logo\\\/image\\\/\"}}]}<\/script>\n<!-- \/ Yoast SEO plugin. -->","yoast_head_json":{"title":"Politique de confidentialit\u00e9 - BADASS BRIDE","description":"BADASS BRIDE est une soci\u00e9t\u00e9 en nom propre qui accompagne les futures mari\u00e9es dans le choix de leur tenues et accessoires de mariage.","robots":{"index":"index","follow":"follow","max-snippet":"max-snippet:-1","max-image-preview":"max-image-preview:large","max-video-preview":"max-video-preview:-1"},"canonical":"https:\/\/www.badassbride.ch\/en\/politique-de-confidentialite\/","og_locale":"en_US","og_type":"article","og_title":"Politique de confidentialit\u00e9 - BADASS BRIDE","og_description":"BADASS BRIDE est une soci\u00e9t\u00e9 en nom propre qui accompagne les futures mari\u00e9es dans le choix de leur tenues et accessoires de mariage.","og_url":"https:\/\/www.badassbride.ch\/en\/politique-de-confidentialite\/","og_site_name":"BADASS BRIDE","article_modified_time":"2021-09-13T16:02:49+00:00","twitter_card":"summary_large_image","twitter_misc":{"Est. reading time":"3 minutes"},"schema":{"@context":"https:\/\/schema.org","@graph":[{"@type":"WebPage","@id":"https:\/\/www.badassbride.ch\/politique-de-confidentialite\/","url":"https:\/\/www.badassbride.ch\/politique-de-confidentialite\/","name":"Politique de confidentialit\u00e9 - BADASS BRIDE","isPartOf":{"@id":"https:\/\/www.badassbride.ch\/#website"},"datePublished":"2021-07-28T21:30:19+00:00","dateModified":"2021-09-13T16:02:49+00:00","description":"BADASS BRIDE est une soci\u00e9t\u00e9 en nom propre qui accompagne les futures mari\u00e9es dans le choix de leur tenues et accessoires de mariage.","breadcrumb":{"@id":"https:\/\/www.badassbride.ch\/politique-de-confidentialite\/#breadcrumb"},"inLanguage":"en-US","potentialAction":[{"@type":"ReadAction","target":["https:\/\/www.badassbride.ch\/politique-de-confidentialite\/"]}]},{"@type":"BreadcrumbList","@id":"https:\/\/www.badassbride.ch\/politique-de-confidentialite\/#breadcrumb","itemListElement":[{"@type":"ListItem","position":1,"name":"Accueil","item":"https:\/\/www.badassbride.ch\/"},{"@type":"ListItem","position":2,"name":"Politique de confidentialit\u00e9"}]},{"@type":"WebSite","@id":"https:\/\/www.badassbride.ch\/#website","url":"https:\/\/www.badassbride.ch\/","name":"BADASS BRIDE","description":"","publisher":{"@id":"https:\/\/www.badassbride.ch\/#organization"},"potentialAction":[{"@type":"SearchAction","target":{"@type":"EntryPoint","urlTemplate":"https:\/\/www.badassbride.ch\/?s={search_term_string}"},"query-input":{"@type":"PropertyValueSpecification","valueRequired":true,"valueName":"search_term_string"}}],"inLanguage":"en-US"},{"@type":"Organization","@id":"https:\/\/www.badassbride.ch\/#organization","name":"BADASS BRIDE","url":"https:\/\/www.badassbride.ch\/","logo":{"@type":"ImageObject","inLanguage":"en-US","@id":"https:\/\/www.badassbride.ch\/#\/schema\/logo\/image\/","url":"https:\/\/www.badassbride.ch\/wp-content\/uploads\/2021\/12\/cropped-Logo_BB.png","contentUrl":"https:\/\/www.badassbride.ch\/wp-content\/uploads\/2021\/12\/cropped-Logo_BB.png","width":503,"height":170,"caption":"BADASS BRIDE"},"image":{"@id":"https:\/\/www.badassbride.ch\/#\/schema\/logo\/image\/"}}]}},"_links":{"self":[{"href":"https:\/\/www.badassbride.ch\/en\/wp-json\/wp\/v2\/pages\/379","targetHints":{"allow":["GET"]}}],"collection":[{"href":"https:\/\/www.badassbride.ch\/en\/wp-json\/wp\/v2\/pages"}],"about":[{"href":"https:\/\/www.badassbride.ch\/en\/wp-json\/wp\/v2\/types\/page"}],"author":[{"embeddable":true,"href":"https:\/\/www.badassbride.ch\/en\/wp-json\/wp\/v2\/users\/1"}],"replies":[{"embeddable":true,"href":"https:\/\/www.badassbride.ch\/en\/wp-json\/wp\/v2\/comments?post=379"}],"version-history":[{"count":4,"href":"https:\/\/www.badassbride.ch\/en\/wp-json\/wp\/v2\/pages\/379\/revisions"}],"predecessor-version":[{"id":3486,"href":"https:\/\/www.badassbride.ch\/en\/wp-json\/wp\/v2\/pages\/379\/revisions\/3486"}],"wp:attachment":[{"href":"https:\/\/www.badassbride.ch\/en\/wp-json\/wp\/v2\/media?parent=379"}],"curies":[{"name":"wp","href":"https:\/\/api.w.org\/{rel}","templated":true}]}}